{"id":38592,"date":"2022-10-25T14:48:56","date_gmt":"2022-10-25T13:59:33","guid":{"rendered":"https:\/\/combivox.eu\/prodotto\/schluessel-fuer-transponderleser\/"},"modified":"2026-02-16T15:56:19","modified_gmt":"2026-02-16T14:56:19","slug":"schluessel-fuer-transponderleser","status":"publish","type":"product","link":"https:\/\/combivox.eu\/de\/prodotto\/schluessel-fuer-transponderleser\/","title":{"rendered":"Schl\u00fcssel f\u00fcr Transponderleser"},"content":{"rendered":"<table class=\"logged\">\n<tr>\n<td>61.952<\/td>\n<td>Schl\u00fcssel f\u00fcr Transponderleser aus ABS<\/td>\n<td>10,50<\/td>\n<\/tr>\n<tr>\n<td>61.962<\/td>\n<td>Schl\u00fcssel f\u00fcr Transponderleser aus schwarzem Leder<\/td>\n<td>16,00<\/td>\n<\/tr>\n<\/table>\n<p>Schl&uuml;ssel f&uuml;r Transponderleser &uuml;ber den BUS RS485 .<\/p>\n<p>Verf&uuml;gbar aus&nbsp;ABS oder aus schwarzem&nbsp;Leder mit Combivox Personalisierung.<\/p>\n","protected":false},"excerpt":{"rendered":"<p>61.952 Schl\u00fcssel f\u00fcr Transponderleser aus ABS 10,50 61.962 Schl\u00fcssel f\u00fcr Transponderleser aus schwarzem Leder 16,00&#8230;<\/p>\n","protected":false},"featured_media":50471,"template":"","meta":[],"product_cat":[574],"product_tag":[],"class_list":{"0":"post-38592","1":"product","2":"type-product","3":"status-publish","4":"has-post-thumbnail","6":"product_cat-bedienteile","8":"first","9":"instock","10":"taxable","11":"shipping-taxable","12":"product-type-simple"},"yoast_head":"<!-- This site is optimized with the Yoast SEO plugin v24.6 - https:\/\/yoast.com\/wordpress\/plugins\/seo\/ -->\n<title>Schl\u00fcssel f\u00fcr Transponderleser | Combivox<\/title>\n<meta name=\"robots\" content=\"index, follow, max-snippet:-1, max-image-preview:large, max-video-preview:-1\" \/>\n<link rel=\"canonical\" href=\"https:\/\/combivox.eu\/de\/prodotto\/schluessel-fuer-transponderleser\/\" \/>\n<meta property=\"og:locale\" content=\"de_DE\" \/>\n<meta property=\"og:type\" content=\"article\" \/>\n<meta property=\"og:title\" content=\"Schl\u00fcssel f\u00fcr Transponderleser | Combivox\" \/>\n<meta property=\"og:description\" content=\"61.952 Schl\u00fcssel f\u00fcr Transponderleser aus ABS 10,50 61.962 Schl\u00fcssel f\u00fcr Transponderleser aus schwarzem Leder 16,00...\" \/>\n<meta property=\"og:url\" content=\"https:\/\/combivox.eu\/de\/prodotto\/schluessel-fuer-transponderleser\/\" \/>\n<meta property=\"og:site_name\" content=\"Combivox\" \/>\n<meta property=\"article:publisher\" content=\"https:\/\/www.facebook.com\/Combivox\/\" \/>\n<meta property=\"article:modified_time\" content=\"2026-02-16T14:56:19+00:00\" \/>\n<meta name=\"twitter:card\" content=\"summary_large_image\" \/>\n<script type=\"application\/ld+json\" class=\"yoast-schema-graph\">{\"@context\":\"https:\/\/schema.org\",\"@graph\":[{\"@type\":\"WebPage\",\"@id\":\"https:\/\/combivox.eu\/de\/prodotto\/schluessel-fuer-transponderleser\/\",\"url\":\"https:\/\/combivox.eu\/de\/prodotto\/schluessel-fuer-transponderleser\/\",\"name\":\"Schl\u00fcssel f\u00fcr Transponderleser | Combivox\",\"isPartOf\":{\"@id\":\"https:\/\/combivox.eu\/#website\"},\"primaryImageOfPage\":{\"@id\":\"https:\/\/combivox.eu\/de\/prodotto\/schluessel-fuer-transponderleser\/#primaryimage\"},\"image\":{\"@id\":\"https:\/\/combivox.eu\/de\/prodotto\/schluessel-fuer-transponderleser\/#primaryimage\"},\"thumbnailUrl\":\"https:\/\/combivox.eu\/wp-content\/uploads\/2026\/02\/combivox-tag-chiave-prossimita_2026-5-1.jpg\",\"datePublished\":\"2022-10-25T13:59:33+00:00\",\"dateModified\":\"2026-02-16T14:56:19+00:00\",\"breadcrumb\":{\"@id\":\"https:\/\/combivox.eu\/de\/prodotto\/schluessel-fuer-transponderleser\/#breadcrumb\"},\"inLanguage\":\"de\",\"potentialAction\":[{\"@type\":\"ReadAction\",\"target\":[\"https:\/\/combivox.eu\/de\/prodotto\/schluessel-fuer-transponderleser\/\"]}]},{\"@type\":\"ImageObject\",\"inLanguage\":\"de\",\"@id\":\"https:\/\/combivox.eu\/de\/prodotto\/schluessel-fuer-transponderleser\/#primaryimage\",\"url\":\"https:\/\/combivox.eu\/wp-content\/uploads\/2026\/02\/combivox-tag-chiave-prossimita_2026-5-1.jpg\",\"contentUrl\":\"https:\/\/combivox.eu\/wp-content\/uploads\/2026\/02\/combivox-tag-chiave-prossimita_2026-5-1.jpg\",\"width\":1000,\"height\":888},{\"@type\":\"BreadcrumbList\",\"@id\":\"https:\/\/combivox.eu\/de\/prodotto\/schluessel-fuer-transponderleser\/#breadcrumb\",\"itemListElement\":[{\"@type\":\"ListItem\",\"position\":1,\"name\":\"Home\",\"item\":\"https:\/\/combivox.eu\/de\/\"},{\"@type\":\"ListItem\",\"position\":2,\"name\":\"Shop\",\"item\":\"https:\/\/combivox.eu\/de\/prodotti-no\/\"},{\"@type\":\"ListItem\",\"position\":3,\"name\":\"Schl\u00fcssel f\u00fcr Transponderleser\"}]},{\"@type\":\"WebSite\",\"@id\":\"https:\/\/combivox.eu\/#website\",\"url\":\"https:\/\/combivox.eu\/\",\"name\":\"Combivox\",\"description\":\"Enjoy Life, Safely.\",\"publisher\":{\"@id\":\"https:\/\/combivox.eu\/#organization\"},\"potentialAction\":[{\"@type\":\"SearchAction\",\"target\":{\"@type\":\"EntryPoint\",\"urlTemplate\":\"https:\/\/combivox.eu\/?s={search_term_string}\"},\"query-input\":{\"@type\":\"PropertyValueSpecification\",\"valueRequired\":true,\"valueName\":\"search_term_string\"}}],\"inLanguage\":\"de\"},{\"@type\":\"Organization\",\"@id\":\"https:\/\/combivox.eu\/#organization\",\"name\":\"Combivox\",\"url\":\"https:\/\/combivox.eu\/\",\"logo\":{\"@type\":\"ImageObject\",\"inLanguage\":\"de\",\"@id\":\"https:\/\/combivox.eu\/#\/schema\/logo\/image\/\",\"url\":\"https:\/\/combivox.eu\/wp-content\/uploads\/2022\/03\/logo-combivox-transparency.png\",\"contentUrl\":\"https:\/\/combivox.eu\/wp-content\/uploads\/2022\/03\/logo-combivox-transparency.png\",\"width\":300,\"height\":83,\"caption\":\"Combivox\"},\"image\":{\"@id\":\"https:\/\/combivox.eu\/#\/schema\/logo\/image\/\"},\"sameAs\":[\"https:\/\/www.facebook.com\/Combivox\/\",\"https:\/\/www.instagram.com\/combivox\/\",\"https:\/\/www.youtube.com\/channel\/UCnnB89ZVzzKV70vKr7cj8oQ\/videos\",\"https:\/\/www.whatsapp.com\/channel\/0029Vaw7pZgCsU9GoUIoG015\",\"https:\/\/www.linkedin.com\/company\/combivox\/\"]}]}<\/script>\n<!-- \/ Yoast SEO plugin. -->","yoast_head_json":{"title":"Schl\u00fcssel f\u00fcr Transponderleser | Combivox","robots":{"index":"index","follow":"follow","max-snippet":"max-snippet:-1","max-image-preview":"max-image-preview:large","max-video-preview":"max-video-preview:-1"},"canonical":"https:\/\/combivox.eu\/de\/prodotto\/schluessel-fuer-transponderleser\/","og_locale":"de_DE","og_type":"article","og_title":"Schl\u00fcssel f\u00fcr Transponderleser | Combivox","og_description":"61.952 Schl\u00fcssel f\u00fcr Transponderleser aus ABS 10,50 61.962 Schl\u00fcssel f\u00fcr Transponderleser aus schwarzem Leder 16,00...","og_url":"https:\/\/combivox.eu\/de\/prodotto\/schluessel-fuer-transponderleser\/","og_site_name":"Combivox","article_publisher":"https:\/\/www.facebook.com\/Combivox\/","article_modified_time":"2026-02-16T14:56:19+00:00","twitter_card":"summary_large_image","schema":{"@context":"https:\/\/schema.org","@graph":[{"@type":"WebPage","@id":"https:\/\/combivox.eu\/de\/prodotto\/schluessel-fuer-transponderleser\/","url":"https:\/\/combivox.eu\/de\/prodotto\/schluessel-fuer-transponderleser\/","name":"Schl\u00fcssel f\u00fcr Transponderleser | Combivox","isPartOf":{"@id":"https:\/\/combivox.eu\/#website"},"primaryImageOfPage":{"@id":"https:\/\/combivox.eu\/de\/prodotto\/schluessel-fuer-transponderleser\/#primaryimage"},"image":{"@id":"https:\/\/combivox.eu\/de\/prodotto\/schluessel-fuer-transponderleser\/#primaryimage"},"thumbnailUrl":"https:\/\/combivox.eu\/wp-content\/uploads\/2026\/02\/combivox-tag-chiave-prossimita_2026-5-1.jpg","datePublished":"2022-10-25T13:59:33+00:00","dateModified":"2026-02-16T14:56:19+00:00","breadcrumb":{"@id":"https:\/\/combivox.eu\/de\/prodotto\/schluessel-fuer-transponderleser\/#breadcrumb"},"inLanguage":"de","potentialAction":[{"@type":"ReadAction","target":["https:\/\/combivox.eu\/de\/prodotto\/schluessel-fuer-transponderleser\/"]}]},{"@type":"ImageObject","inLanguage":"de","@id":"https:\/\/combivox.eu\/de\/prodotto\/schluessel-fuer-transponderleser\/#primaryimage","url":"https:\/\/combivox.eu\/wp-content\/uploads\/2026\/02\/combivox-tag-chiave-prossimita_2026-5-1.jpg","contentUrl":"https:\/\/combivox.eu\/wp-content\/uploads\/2026\/02\/combivox-tag-chiave-prossimita_2026-5-1.jpg","width":1000,"height":888},{"@type":"BreadcrumbList","@id":"https:\/\/combivox.eu\/de\/prodotto\/schluessel-fuer-transponderleser\/#breadcrumb","itemListElement":[{"@type":"ListItem","position":1,"name":"Home","item":"https:\/\/combivox.eu\/de\/"},{"@type":"ListItem","position":2,"name":"Shop","item":"https:\/\/combivox.eu\/de\/prodotti-no\/"},{"@type":"ListItem","position":3,"name":"Schl\u00fcssel f\u00fcr Transponderleser"}]},{"@type":"WebSite","@id":"https:\/\/combivox.eu\/#website","url":"https:\/\/combivox.eu\/","name":"Combivox","description":"Enjoy Life, Safely.","publisher":{"@id":"https:\/\/combivox.eu\/#organization"},"potentialAction":[{"@type":"SearchAction","target":{"@type":"EntryPoint","urlTemplate":"https:\/\/combivox.eu\/?s={search_term_string}"},"query-input":{"@type":"PropertyValueSpecification","valueRequired":true,"valueName":"search_term_string"}}],"inLanguage":"de"},{"@type":"Organization","@id":"https:\/\/combivox.eu\/#organization","name":"Combivox","url":"https:\/\/combivox.eu\/","logo":{"@type":"ImageObject","inLanguage":"de","@id":"https:\/\/combivox.eu\/#\/schema\/logo\/image\/","url":"https:\/\/combivox.eu\/wp-content\/uploads\/2022\/03\/logo-combivox-transparency.png","contentUrl":"https:\/\/combivox.eu\/wp-content\/uploads\/2022\/03\/logo-combivox-transparency.png","width":300,"height":83,"caption":"Combivox"},"image":{"@id":"https:\/\/combivox.eu\/#\/schema\/logo\/image\/"},"sameAs":["https:\/\/www.facebook.com\/Combivox\/","https:\/\/www.instagram.com\/combivox\/","https:\/\/www.youtube.com\/channel\/UCnnB89ZVzzKV70vKr7cj8oQ\/videos","https:\/\/www.whatsapp.com\/channel\/0029Vaw7pZgCsU9GoUIoG015","https:\/\/www.linkedin.com\/company\/combivox\/"]}]}},"_links":{"self":[{"href":"https:\/\/combivox.eu\/de\/wp-json\/wp\/v2\/product\/38592","targetHints":{"allow":["GET"]}}],"collection":[{"href":"https:\/\/combivox.eu\/de\/wp-json\/wp\/v2\/product"}],"about":[{"href":"https:\/\/combivox.eu\/de\/wp-json\/wp\/v2\/types\/product"}],"wp:featuredmedia":[{"embeddable":true,"href":"https:\/\/combivox.eu\/de\/wp-json\/wp\/v2\/media\/50471"}],"wp:attachment":[{"href":"https:\/\/combivox.eu\/de\/wp-json\/wp\/v2\/media?parent=38592"}],"wp:term":[{"taxonomy":"product_cat","embeddable":true,"href":"https:\/\/combivox.eu\/de\/wp-json\/wp\/v2\/product_cat?post=38592"},{"taxonomy":"product_tag","embeddable":true,"href":"https:\/\/combivox.eu\/de\/wp-json\/wp\/v2\/product_tag?post=38592"}],"curies":[{"name":"wp","href":"https:\/\/api.w.org\/{rel}","templated":true}]}}