{"id":36429,"date":"2021-10-02T10:27:07","date_gmt":"2021-10-02T08:27:07","guid":{"rendered":"https:\/\/combivox.eu\/registrazione-installatore\/"},"modified":"2023-01-11T12:00:46","modified_gmt":"2023-01-11T11:00:46","slug":"registrazione-installatore","status":"publish","type":"page","link":"https:\/\/combivox.eu\/fr\/registrazione-installatore\/","title":{"rendered":"Enregistrement de l&#8217;installateur"},"content":{"rendered":"[vc_row type=&#8221;in_container&#8221; full_screen_row_position=&#8221;middle&#8221; column_margin=&#8221;default&#8221; column_direction=&#8221;default&#8221; column_direction_tablet=&#8221;default&#8221; column_direction_phone=&#8221;default&#8221; scene_position=&#8221;center&#8221; top_padding=&#8221;2%&#8221; bottom_padding=&#8221;2%&#8221; text_color=&#8221;dark&#8221; text_align=&#8221;left&#8221; row_border_radius=&#8221;none&#8221; row_border_radius_applies=&#8221;bg&#8221; overflow=&#8221;visible&#8221; overlay_strength=&#8221;0.3&#8243; gradient_direction=&#8221;left_to_right&#8221; shape_divider_position=&#8221;bottom&#8221; bg_image_animation=&#8221;none&#8221; shape_type=&#8221;&#8221;][vc_column column_padding=&#8221;no-extra-padding&#8221; column_padding_tablet=&#8221;inherit&#8221; column_padding_phone=&#8221;inherit&#8221; column_padding_position=&#8221;all&#8221; column_element_direction_desktop=&#8221;default&#8221; column_element_spacing=&#8221;default&#8221; desktop_text_alignment=&#8221;default&#8221; tablet_text_alignment=&#8221;default&#8221; phone_text_alignment=&#8221;default&#8221; background_color_opacity=&#8221;1&#8243; background_hover_color_opacity=&#8221;1&#8243; column_backdrop_filter=&#8221;none&#8221; column_shadow=&#8221;none&#8221; column_border_radius=&#8221;none&#8221; column_link_target=&#8221;_self&#8221; column_position=&#8221;default&#8221; gradient_direction=&#8221;left_to_right&#8221; overlay_strength=&#8221;0.3&#8243; width=&#8221;1\/1&#8243; tablet_width_inherit=&#8221;default&#8221; animation_type=&#8221;default&#8221; bg_image_animation=&#8221;none&#8221; border_type=&#8221;simple&#8221; column_border_width=&#8221;none&#8221; column_border_style=&#8221;solid&#8221;][vc_custom_heading text=&#8221;Inscription installateurs dans l\u2019espace r\u00e9serv\u00e9&#8221; font_container=&#8221;tag:h1|text_align:left|color:%23d13138&#8243; use_theme_fonts=&#8221;yes&#8221;][divider line_type=&#8221;Full Width Line&#8221; line_thickness=&#8221;1&#8243; divider_color=&#8221;accent-color&#8221;][vc_column_text]Gr\u00e2ce \u00e0 cet espace vous pouvez avoir\u00a0acc\u00e8s \u00e0:<br \/>\nUne connexion exclusive entre Combivox et ses installateurs;<br \/>\nUne liste compl\u00e8te et actualis\u00e9e des produits, manuels, logiciels et bulletin d\u2019information.<\/p>\n<p>Cher installateur, nous vous demandons un peu d\u2019attention pour la compilation de ce formulaire.<br \/>\nUne fois envoy\u00e9, vous recevrez imm\u00e9diatement un courriel pour valider votre demande. Ensuite vous recevrez un courriel de confirmation pour acceder \u00e0 l\u2019espace r\u00e9serv\u00e9.[\/vc_column_text][divider line_type=&#8221;No Line&#8221; custom_height=&#8221;15&#8243;][vc_custom_heading text=&#8221;<b>NOUVEAU INSTALLATEUR?<\/b>&#8221; font_container=&#8221;tag:h3|font_size:16px|text_align:left|color:%23786e62|line_height:16px&#8221; use_theme_fonts=&#8221;yes&#8221;][divider line_type=&#8221;No Line&#8221; custom_height=&#8221;15&#8243;][vc_raw_html css=&#8221;.vc_custom_1673434844068{margin-left: 0px !important;}&#8221;]JTVCdWx0aW1hdGVtZW1iZXIlMjBmb3JtX2lkJTNEJTIyMzk3OTYlMjIlNUQ=[\/vc_raw_html][\/vc_column][\/vc_row]\n","protected":false},"excerpt":{"rendered":"<p>[vc_row type=&#8221;in_container&#8221; full_screen_row_position=&#8221;middle&#8221; column_margin=&#8221;default&#8221; column_direction=&#8221;default&#8221; column_direction_tablet=&#8221;default&#8221; column_direction_phone=&#8221;default&#8221; scene_position=&#8221;center&#8221; top_padding=&#8221;2%&#8221; bottom_padding=&#8221;2%&#8221; text_color=&#8221;dark&#8221; text_align=&#8221;left&#8221; row_border_radius=&#8221;none&#8221; row_border_radius_applies=&#8221;bg&#8221; overflow=&#8221;visible&#8221;&#8230;<\/p>\n","protected":false},"author":24058,"featured_media":0,"parent":0,"menu_order":0,"comment_status":"closed","ping_status":"closed","template":"","meta":{"footnotes":""},"class_list":["post-36429","page","type-page","status-publish"],"yoast_head":"<!-- This site is optimized with the Yoast SEO plugin v24.6 - https:\/\/yoast.com\/wordpress\/plugins\/seo\/ -->\n<title>Enregistrement de l&#039;installateur | Combivox<\/title>\n<meta name=\"robots\" content=\"index, follow, max-snippet:-1, max-image-preview:large, max-video-preview:-1\" \/>\n<link rel=\"canonical\" href=\"https:\/\/combivox.eu\/registrazione\/\" \/>\n<meta property=\"og:locale\" content=\"fr_FR\" \/>\n<meta property=\"og:type\" content=\"article\" \/>\n<meta property=\"og:title\" content=\"Enregistrement de l&#039;installateur | Combivox\" \/>\n<meta property=\"og:description\" content=\"[vc_row type=&#8221;in_container&#8221; full_screen_row_position=&#8221;middle&#8221; column_margin=&#8221;default&#8221; column_direction=&#8221;default&#8221; column_direction_tablet=&#8221;default&#8221; column_direction_phone=&#8221;default&#8221; scene_position=&#8221;center&#8221; top_padding=&#8221;2%&#8221; bottom_padding=&#8221;2%&#8221; text_color=&#8221;dark&#8221; text_align=&#8221;left&#8221; row_border_radius=&#8221;none&#8221; row_border_radius_applies=&#8221;bg&#8221; overflow=&#8221;visible&#8221;...\" \/>\n<meta property=\"og:url\" content=\"https:\/\/combivox.eu\/registrazione\/\" \/>\n<meta property=\"og:site_name\" content=\"Combivox\" \/>\n<meta property=\"article:publisher\" content=\"https:\/\/www.facebook.com\/Combivox\/\" \/>\n<meta property=\"article:modified_time\" content=\"2023-01-11T11:00:46+00:00\" \/>\n<meta name=\"twitter:card\" content=\"summary_large_image\" \/>\n<meta name=\"twitter:label1\" content=\"Dur\u00e9e de lecture estim\u00e9e\" \/>\n\t<meta name=\"twitter:data1\" content=\"2 minutes\" \/>\n<script type=\"application\/ld+json\" class=\"yoast-schema-graph\">{\"@context\":\"https:\/\/schema.org\",\"@graph\":[{\"@type\":\"WebPage\",\"@id\":\"https:\/\/combivox.eu\/registrazione\/\",\"url\":\"https:\/\/combivox.eu\/registrazione\/\",\"name\":\"Enregistrement de l'installateur | Combivox\",\"isPartOf\":{\"@id\":\"https:\/\/combivox.eu\/#website\"},\"datePublished\":\"2021-10-02T08:27:07+00:00\",\"dateModified\":\"2023-01-11T11:00:46+00:00\",\"breadcrumb\":{\"@id\":\"https:\/\/combivox.eu\/registrazione\/#breadcrumb\"},\"inLanguage\":\"fr-FR\",\"potentialAction\":[{\"@type\":\"ReadAction\",\"target\":[\"https:\/\/combivox.eu\/registrazione\/\"]}]},{\"@type\":\"BreadcrumbList\",\"@id\":\"https:\/\/combivox.eu\/registrazione\/#breadcrumb\",\"itemListElement\":[{\"@type\":\"ListItem\",\"position\":1,\"name\":\"Home\",\"item\":\"https:\/\/combivox.eu\/fr\/\"},{\"@type\":\"ListItem\",\"position\":2,\"name\":\"Enregistrement de l&#8217;installateur\"}]},{\"@type\":\"WebSite\",\"@id\":\"https:\/\/combivox.eu\/#website\",\"url\":\"https:\/\/combivox.eu\/\",\"name\":\"Combivox\",\"description\":\"Enjoy Life, Safely.\",\"publisher\":{\"@id\":\"https:\/\/combivox.eu\/#organization\"},\"potentialAction\":[{\"@type\":\"SearchAction\",\"target\":{\"@type\":\"EntryPoint\",\"urlTemplate\":\"https:\/\/combivox.eu\/?s={search_term_string}\"},\"query-input\":{\"@type\":\"PropertyValueSpecification\",\"valueRequired\":true,\"valueName\":\"search_term_string\"}}],\"inLanguage\":\"fr-FR\"},{\"@type\":\"Organization\",\"@id\":\"https:\/\/combivox.eu\/#organization\",\"name\":\"Combivox\",\"url\":\"https:\/\/combivox.eu\/\",\"logo\":{\"@type\":\"ImageObject\",\"inLanguage\":\"fr-FR\",\"@id\":\"https:\/\/combivox.eu\/#\/schema\/logo\/image\/\",\"url\":\"https:\/\/combivox.eu\/wp-content\/uploads\/2022\/03\/logo-combivox-transparency.png\",\"contentUrl\":\"https:\/\/combivox.eu\/wp-content\/uploads\/2022\/03\/logo-combivox-transparency.png\",\"width\":300,\"height\":83,\"caption\":\"Combivox\"},\"image\":{\"@id\":\"https:\/\/combivox.eu\/#\/schema\/logo\/image\/\"},\"sameAs\":[\"https:\/\/www.facebook.com\/Combivox\/\",\"https:\/\/www.instagram.com\/combivox\/\",\"https:\/\/www.youtube.com\/channel\/UCnnB89ZVzzKV70vKr7cj8oQ\/videos\",\"https:\/\/www.whatsapp.com\/channel\/0029Vaw7pZgCsU9GoUIoG015\",\"https:\/\/www.linkedin.com\/company\/combivox\/\"]}]}<\/script>\n<!-- \/ Yoast SEO plugin. -->","yoast_head_json":{"title":"Enregistrement de l'installateur | Combivox","robots":{"index":"index","follow":"follow","max-snippet":"max-snippet:-1","max-image-preview":"max-image-preview:large","max-video-preview":"max-video-preview:-1"},"canonical":"https:\/\/combivox.eu\/registrazione\/","og_locale":"fr_FR","og_type":"article","og_title":"Enregistrement de l'installateur | Combivox","og_description":"[vc_row type=&#8221;in_container&#8221; full_screen_row_position=&#8221;middle&#8221; column_margin=&#8221;default&#8221; column_direction=&#8221;default&#8221; column_direction_tablet=&#8221;default&#8221; column_direction_phone=&#8221;default&#8221; scene_position=&#8221;center&#8221; top_padding=&#8221;2%&#8221; bottom_padding=&#8221;2%&#8221; text_color=&#8221;dark&#8221; text_align=&#8221;left&#8221; row_border_radius=&#8221;none&#8221; row_border_radius_applies=&#8221;bg&#8221; overflow=&#8221;visible&#8221;...","og_url":"https:\/\/combivox.eu\/registrazione\/","og_site_name":"Combivox","article_publisher":"https:\/\/www.facebook.com\/Combivox\/","article_modified_time":"2023-01-11T11:00:46+00:00","twitter_card":"summary_large_image","twitter_misc":{"Dur\u00e9e de lecture estim\u00e9e":"2 minutes"},"schema":{"@context":"https:\/\/schema.org","@graph":[{"@type":"WebPage","@id":"https:\/\/combivox.eu\/registrazione\/","url":"https:\/\/combivox.eu\/registrazione\/","name":"Enregistrement de l'installateur | Combivox","isPartOf":{"@id":"https:\/\/combivox.eu\/#website"},"datePublished":"2021-10-02T08:27:07+00:00","dateModified":"2023-01-11T11:00:46+00:00","breadcrumb":{"@id":"https:\/\/combivox.eu\/registrazione\/#breadcrumb"},"inLanguage":"fr-FR","potentialAction":[{"@type":"ReadAction","target":["https:\/\/combivox.eu\/registrazione\/"]}]},{"@type":"BreadcrumbList","@id":"https:\/\/combivox.eu\/registrazione\/#breadcrumb","itemListElement":[{"@type":"ListItem","position":1,"name":"Home","item":"https:\/\/combivox.eu\/fr\/"},{"@type":"ListItem","position":2,"name":"Enregistrement de l&#8217;installateur"}]},{"@type":"WebSite","@id":"https:\/\/combivox.eu\/#website","url":"https:\/\/combivox.eu\/","name":"Combivox","description":"Enjoy Life, Safely.","publisher":{"@id":"https:\/\/combivox.eu\/#organization"},"potentialAction":[{"@type":"SearchAction","target":{"@type":"EntryPoint","urlTemplate":"https:\/\/combivox.eu\/?s={search_term_string}"},"query-input":{"@type":"PropertyValueSpecification","valueRequired":true,"valueName":"search_term_string"}}],"inLanguage":"fr-FR"},{"@type":"Organization","@id":"https:\/\/combivox.eu\/#organization","name":"Combivox","url":"https:\/\/combivox.eu\/","logo":{"@type":"ImageObject","inLanguage":"fr-FR","@id":"https:\/\/combivox.eu\/#\/schema\/logo\/image\/","url":"https:\/\/combivox.eu\/wp-content\/uploads\/2022\/03\/logo-combivox-transparency.png","contentUrl":"https:\/\/combivox.eu\/wp-content\/uploads\/2022\/03\/logo-combivox-transparency.png","width":300,"height":83,"caption":"Combivox"},"image":{"@id":"https:\/\/combivox.eu\/#\/schema\/logo\/image\/"},"sameAs":["https:\/\/www.facebook.com\/Combivox\/","https:\/\/www.instagram.com\/combivox\/","https:\/\/www.youtube.com\/channel\/UCnnB89ZVzzKV70vKr7cj8oQ\/videos","https:\/\/www.whatsapp.com\/channel\/0029Vaw7pZgCsU9GoUIoG015","https:\/\/www.linkedin.com\/company\/combivox\/"]}]}},"_links":{"self":[{"href":"https:\/\/combivox.eu\/fr\/wp-json\/wp\/v2\/pages\/36429","targetHints":{"allow":["GET"]}}],"collection":[{"href":"https:\/\/combivox.eu\/fr\/wp-json\/wp\/v2\/pages"}],"about":[{"href":"https:\/\/combivox.eu\/fr\/wp-json\/wp\/v2\/types\/page"}],"author":[{"embeddable":true,"href":"https:\/\/combivox.eu\/fr\/wp-json\/wp\/v2\/users\/24058"}],"replies":[{"embeddable":true,"href":"https:\/\/combivox.eu\/fr\/wp-json\/wp\/v2\/comments?post=36429"}],"version-history":[{"count":3,"href":"https:\/\/combivox.eu\/fr\/wp-json\/wp\/v2\/pages\/36429\/revisions"}],"predecessor-version":[{"id":39799,"href":"https:\/\/combivox.eu\/fr\/wp-json\/wp\/v2\/pages\/36429\/revisions\/39799"}],"wp:attachment":[{"href":"https:\/\/combivox.eu\/fr\/wp-json\/wp\/v2\/media?parent=36429"}],"curies":[{"name":"wp","href":"https:\/\/api.w.org\/{rel}","templated":true}]}}