{"id":36960,"date":"2022-04-07T09:50:18","date_gmt":"2022-04-07T07:50:18","guid":{"rendered":"https:\/\/combivox.eu\/stop-shopping-online-combivox\/"},"modified":"2022-11-15T09:49:41","modified_gmt":"2022-11-15T08:49:41","slug":"stop-shopping-online-combivox","status":"publish","type":"page","link":"https:\/\/combivox.eu\/fr\/stop-shopping-online-combivox\/","title":{"rendered":"Stop shopping online combivox"},"content":{"rendered":"[vc_row type=&#8221;full_width_content&#8221; full_screen_row_position=&#8221;middle&#8221; column_margin=&#8221;none&#8221; column_direction=&#8221;default&#8221; column_direction_tablet=&#8221;default&#8221; column_direction_phone=&#8221;default&#8221; bg_color=&#8221;#d13138&#8243; scene_position=&#8221;center&#8221; top_padding=&#8221;8%&#8221; bottom_padding=&#8221;6%&#8221; left_padding_desktop=&#8221;15%&#8221; constrain_group_2=&#8221;yes&#8221; right_padding_desktop=&#8221;15%&#8221; top_padding_tablet=&#8221;20%&#8221; left_padding_tablet=&#8221;10%&#8221; constrain_group_4=&#8221;yes&#8221; right_padding_tablet=&#8221;10%&#8221; left_padding_phone=&#8221;0&#8243; constrain_group_6=&#8221;yes&#8221; right_padding_phone=&#8221;0&#8243; text_color=&#8221;light&#8221; text_align=&#8221;left&#8221; row_border_radius=&#8221;none&#8221; row_border_radius_applies=&#8221;bg&#8221; overflow=&#8221;visible&#8221; overlay_strength=&#8221;0.3&#8243; gradient_direction=&#8221;left_to_right&#8221; shape_divider_position=&#8221;bottom&#8221; bg_image_animation=&#8221;none&#8221; shape_type=&#8221;straight_section&#8221;][vc_column column_padding=&#8221;no-extra-padding&#8221; column_padding_tablet=&#8221;inherit&#8221; column_padding_phone=&#8221;inherit&#8221; column_padding_position=&#8221;all&#8221; column_element_direction_desktop=&#8221;default&#8221; column_element_spacing=&#8221;0px&#8221; centered_text=&#8221;true&#8221; desktop_text_alignment=&#8221;default&#8221; tablet_text_alignment=&#8221;default&#8221; phone_text_alignment=&#8221;default&#8221; background_color_opacity=&#8221;1&#8243; background_hover_color_opacity=&#8221;1&#8243; column_backdrop_filter=&#8221;none&#8221; column_shadow=&#8221;none&#8221; column_border_radius=&#8221;none&#8221; column_link_target=&#8221;_self&#8221; column_position=&#8221;default&#8221; gradient_direction=&#8221;left_to_right&#8221; overlay_strength=&#8221;0.3&#8243; width=&#8221;1\/1&#8243; tablet_width_inherit=&#8221;default&#8221; animation_type=&#8221;default&#8221; bg_image_animation=&#8221;none&#8221; border_type=&#8221;simple&#8221; column_border_width=&#8221;none&#8221; column_border_style=&#8221;solid&#8221;][split_line_heading animation_type=&#8221;line-reveal-by-space&#8221; font_style=&#8221;h1&#8243; text_color=&#8221;#ffffff&#8221; line_reveal_by_space_text_effect=&#8221;default&#8221; stagger_animation=&#8221;true&#8221; content_alignment=&#8221;default&#8221; mobile_content_alignment=&#8221;inherit&#8221; link_target=&#8221;_self&#8221; text_content=&#8221;5 bonnes raisons de se m\u00e9fier des ventes en ligne et d&#8217;acheter chez un Installateur Qualifi\u00e9 Combivox&#8221; font_size=&#8221;8vh&#8221;][\/split_line_heading][\/vc_column][\/vc_row][vc_row type=&#8221;full_width_background&#8221; full_screen_row_position=&#8221;middle&#8221; column_margin=&#8221;default&#8221; column_direction=&#8221;default&#8221; column_direction_tablet=&#8221;default&#8221; column_direction_phone=&#8221;default&#8221; scene_position=&#8221;center&#8221; top_padding=&#8221;6%&#8221; text_color=&#8221;dark&#8221; text_align=&#8221;left&#8221; row_border_radius=&#8221;none&#8221; row_border_radius_applies=&#8221;bg&#8221; overflow=&#8221;visible&#8221; overlay_strength=&#8221;0.3&#8243; gradient_direction=&#8221;left_to_right&#8221; shape_divider_position=&#8221;bottom&#8221; bg_image_animation=&#8221;none&#8221; shape_type=&#8221;&#8221;][vc_column column_padding=&#8221;no-extra-padding&#8221; column_padding_tablet=&#8221;inherit&#8221; column_padding_phone=&#8221;inherit&#8221; column_padding_position=&#8221;all&#8221; column_element_direction_desktop=&#8221;default&#8221; column_element_spacing=&#8221;default&#8221; desktop_text_alignment=&#8221;default&#8221; tablet_text_alignment=&#8221;default&#8221; phone_text_alignment=&#8221;default&#8221; background_color_opacity=&#8221;1&#8243; background_hover_color_opacity=&#8221;1&#8243; column_backdrop_filter=&#8221;none&#8221; column_shadow=&#8221;none&#8221; column_border_radius=&#8221;none&#8221; column_link_target=&#8221;_self&#8221; column_position=&#8221;default&#8221; gradient_direction=&#8221;left_to_right&#8221; overlay_strength=&#8221;0.3&#8243; width=&#8221;1\/2&#8243; tablet_width_inherit=&#8221;default&#8221; animation_type=&#8221;default&#8221; bg_image_animation=&#8221;none&#8221; border_type=&#8221;simple&#8221; column_border_width=&#8221;none&#8221; column_border_style=&#8221;solid&#8221;][split_line_heading animation_type=&#8221;default&#8221;]\n<h2 style=\"color: #49a51c;\">Pourquoi acheter aupr\u00e8s de revendeurs agr\u00e9\u00e9s ?<\/h2>\n[\/split_line_heading]<div class=\"nectar-fancy-ul\" data-list-icon=\"dot\" data-animation=\"true\" data-animation-delay=\"200\" data-spacing=\"20px\" data-alignment=\"left\"> \n<ul>\n<li>L&#8217;achat aupr\u00e8s du r\u00e9seau officiel (installateurs qualifi\u00e9s IQC &#8211; Combivox) <strong>garantit la v\u00e9ritable origine des produits<\/strong> ;<\/li>\n<li>Le r\u00e9seau officiel des Installateurs Combivox est ad\u00e9quatement pr\u00e9par\u00e9 et mis \u00e0 jour pour proposer la <strong>solution la plus adapt\u00e9e<\/strong> ;<\/li>\n<li>Les produits du r\u00e9seau officiel sont les <strong>plus r\u00e9cents<\/strong> ;<\/li>\n<li>Nous reconnaissons <strong>les garanties des produits<\/strong> et l&#8217;assistance apr\u00e8s-vente\u00a0;<\/li>\n<li>Les tarifs propos\u00e9s par l&#8217;installateur Combivox permettent \u00e9galement d&#8217;acc\u00e9der \u00e0 tous les autres <strong>services<\/strong>.<\/li>\n<\/ul>\n <\/div>[image_with_animation image_url=&#8221;32533&#8243; image_size=&#8221;full&#8221; animation_type=&#8221;entrance&#8221; animation=&#8221;Fade In&#8221; animation_easing=&#8221;default&#8221; animation_movement_type=&#8221;transform_y&#8221; hover_animation=&#8221;none&#8221; alignment=&#8221;&#8221; border_radius=&#8221;none&#8221; box_shadow=&#8221;none&#8221; image_loading=&#8221;default&#8221; max_width=&#8221;100%&#8221; max_width_mobile=&#8221;default&#8221;][\/vc_column][vc_column column_padding=&#8221;no-extra-padding&#8221; column_padding_tablet=&#8221;inherit&#8221; column_padding_phone=&#8221;inherit&#8221; column_padding_position=&#8221;all&#8221; column_element_direction_desktop=&#8221;default&#8221; column_element_spacing=&#8221;default&#8221; desktop_text_alignment=&#8221;default&#8221; tablet_text_alignment=&#8221;default&#8221; phone_text_alignment=&#8221;default&#8221; background_color_opacity=&#8221;1&#8243; background_hover_color_opacity=&#8221;1&#8243; column_backdrop_filter=&#8221;none&#8221; column_shadow=&#8221;none&#8221; column_border_radius=&#8221;none&#8221; column_link_target=&#8221;_self&#8221; column_position=&#8221;default&#8221; gradient_direction=&#8221;left_to_right&#8221; overlay_strength=&#8221;0.3&#8243; width=&#8221;1\/2&#8243; tablet_width_inherit=&#8221;default&#8221; animation_type=&#8221;default&#8221; bg_image_animation=&#8221;none&#8221; border_type=&#8221;simple&#8221; column_border_width=&#8221;none&#8221; column_border_style=&#8221;solid&#8221;][split_line_heading animation_type=&#8221;default&#8221;]\n<h2 style=\"color: #ff3000;\">Pourquoi NE PAS acheter en ligne ?<\/h2>\n[\/split_line_heading]<div class=\"nectar-fancy-ul\" data-list-icon=\"dot\" data-animation=\"true\" data-animation-delay=\"0\" data-spacing=\"20px\" data-alignment=\"left\"> \n<ul>\n<li>Aucune connaissance de l&#8217;origine r\u00e9elle du produit\u00a0;<\/li>\n<li>Le fournisseur ne peut proposer une prestation conforme \u00e0 la qualit\u00e9 Combivox ;<\/li>\n<li>Les produits choisis peuvent \u00eatre usag\u00e9s, non conformes ou obsol\u00e8tes ;<\/li>\n<li>Les produits achet\u00e9s en ligne peuvent ne pas correspondre aux caract\u00e9ristiques propos\u00e9es ;<\/li>\n<li>Les tarifs propos\u00e9s peuvent ne pas \u00eatre les tarifs officiels et sugg\u00e9r\u00e9s par Combivox.<\/li>\n<\/ul>\n <\/div>[nectar_btn size=&#8221;medium&#8221; open_new_tab=&#8221;true&#8221; button_style=&#8221;regular&#8221; button_color_2=&#8221;Accent-Color&#8221; icon_family=&#8221;none&#8221; text=&#8221;T\u00c9L\u00c9CHARGER LE PDF&#8221; url=&#8221;\/wp-content\/uploads\/2022\/11\/stop-vendita-online.pdf&#8221; margin_top=&#8221;30px&#8221;][\/vc_column][\/vc_row]\n","protected":false},"excerpt":{"rendered":"<p>[vc_row type=&#8221;full_width_content&#8221; full_screen_row_position=&#8221;middle&#8221; column_margin=&#8221;none&#8221; column_direction=&#8221;default&#8221; column_direction_tablet=&#8221;default&#8221; column_direction_phone=&#8221;default&#8221; bg_color=&#8221;#d13138&#8243; scene_position=&#8221;center&#8221; top_padding=&#8221;8%&#8221; bottom_padding=&#8221;6%&#8221; left_padding_desktop=&#8221;15%&#8221; constrain_group_2=&#8221;yes&#8221; right_padding_desktop=&#8221;15%&#8221; top_padding_tablet=&#8221;20%&#8221;&#8230;<\/p>\n","protected":false},"author":24058,"featured_media":0,"parent":0,"menu_order":0,"comment_status":"closed","ping_status":"closed","template":"","meta":{"footnotes":""},"class_list":["post-36960","page","type-page","status-publish"],"yoast_head":"<!-- This site is optimized with the Yoast SEO plugin v24.6 - https:\/\/yoast.com\/wordpress\/plugins\/seo\/ -->\n<title>Stop shopping online combivox | Combivox<\/title>\n<meta name=\"robots\" content=\"index, follow, max-snippet:-1, max-image-preview:large, max-video-preview:-1\" \/>\n<link rel=\"canonical\" href=\"https:\/\/combivox.eu\/fr\/stop-shopping-online-combivox\/\" \/>\n<meta property=\"og:locale\" content=\"fr_FR\" \/>\n<meta property=\"og:type\" content=\"article\" \/>\n<meta property=\"og:title\" content=\"Stop shopping online combivox | Combivox\" \/>\n<meta property=\"og:description\" content=\"[vc_row type=&#8221;full_width_content&#8221; full_screen_row_position=&#8221;middle&#8221; column_margin=&#8221;none&#8221; column_direction=&#8221;default&#8221; column_direction_tablet=&#8221;default&#8221; column_direction_phone=&#8221;default&#8221; bg_color=&#8221;#d13138&#8243; scene_position=&#8221;center&#8221; top_padding=&#8221;8%&#8221; bottom_padding=&#8221;6%&#8221; left_padding_desktop=&#8221;15%&#8221; constrain_group_2=&#8221;yes&#8221; right_padding_desktop=&#8221;15%&#8221; top_padding_tablet=&#8221;20%&#8221;...\" \/>\n<meta property=\"og:url\" content=\"https:\/\/combivox.eu\/fr\/stop-shopping-online-combivox\/\" \/>\n<meta property=\"og:site_name\" content=\"Combivox\" \/>\n<meta property=\"article:publisher\" content=\"https:\/\/www.facebook.com\/Combivox\/\" \/>\n<meta property=\"article:modified_time\" content=\"2022-11-15T08:49:41+00:00\" \/>\n<meta name=\"twitter:card\" content=\"summary_large_image\" \/>\n<meta name=\"twitter:label1\" content=\"Dur\u00e9e de lecture estim\u00e9e\" \/>\n\t<meta name=\"twitter:data1\" content=\"4 minutes\" \/>\n<script type=\"application\/ld+json\" class=\"yoast-schema-graph\">{\"@context\":\"https:\/\/schema.org\",\"@graph\":[{\"@type\":\"WebPage\",\"@id\":\"https:\/\/combivox.eu\/fr\/stop-shopping-online-combivox\/\",\"url\":\"https:\/\/combivox.eu\/fr\/stop-shopping-online-combivox\/\",\"name\":\"Stop shopping online combivox | Combivox\",\"isPartOf\":{\"@id\":\"https:\/\/combivox.eu\/#website\"},\"datePublished\":\"2022-04-07T07:50:18+00:00\",\"dateModified\":\"2022-11-15T08:49:41+00:00\",\"breadcrumb\":{\"@id\":\"https:\/\/combivox.eu\/fr\/stop-shopping-online-combivox\/#breadcrumb\"},\"inLanguage\":\"fr-FR\",\"potentialAction\":[{\"@type\":\"ReadAction\",\"target\":[\"https:\/\/combivox.eu\/fr\/stop-shopping-online-combivox\/\"]}]},{\"@type\":\"BreadcrumbList\",\"@id\":\"https:\/\/combivox.eu\/fr\/stop-shopping-online-combivox\/#breadcrumb\",\"itemListElement\":[{\"@type\":\"ListItem\",\"position\":1,\"name\":\"Home\",\"item\":\"https:\/\/combivox.eu\/fr\/\"},{\"@type\":\"ListItem\",\"position\":2,\"name\":\"Stop shopping online combivox\"}]},{\"@type\":\"WebSite\",\"@id\":\"https:\/\/combivox.eu\/#website\",\"url\":\"https:\/\/combivox.eu\/\",\"name\":\"Combivox\",\"description\":\"Enjoy Life, Safely.\",\"publisher\":{\"@id\":\"https:\/\/combivox.eu\/#organization\"},\"potentialAction\":[{\"@type\":\"SearchAction\",\"target\":{\"@type\":\"EntryPoint\",\"urlTemplate\":\"https:\/\/combivox.eu\/?s={search_term_string}\"},\"query-input\":{\"@type\":\"PropertyValueSpecification\",\"valueRequired\":true,\"valueName\":\"search_term_string\"}}],\"inLanguage\":\"fr-FR\"},{\"@type\":\"Organization\",\"@id\":\"https:\/\/combivox.eu\/#organization\",\"name\":\"Combivox\",\"url\":\"https:\/\/combivox.eu\/\",\"logo\":{\"@type\":\"ImageObject\",\"inLanguage\":\"fr-FR\",\"@id\":\"https:\/\/combivox.eu\/#\/schema\/logo\/image\/\",\"url\":\"https:\/\/combivox.eu\/wp-content\/uploads\/2022\/03\/logo-combivox-transparency.png\",\"contentUrl\":\"https:\/\/combivox.eu\/wp-content\/uploads\/2022\/03\/logo-combivox-transparency.png\",\"width\":300,\"height\":83,\"caption\":\"Combivox\"},\"image\":{\"@id\":\"https:\/\/combivox.eu\/#\/schema\/logo\/image\/\"},\"sameAs\":[\"https:\/\/www.facebook.com\/Combivox\/\",\"https:\/\/www.instagram.com\/combivox\/\",\"https:\/\/www.youtube.com\/channel\/UCnnB89ZVzzKV70vKr7cj8oQ\/videos\",\"https:\/\/www.whatsapp.com\/channel\/0029Vaw7pZgCsU9GoUIoG015\",\"https:\/\/www.linkedin.com\/company\/combivox\/\"]}]}<\/script>\n<!-- \/ Yoast SEO plugin. -->","yoast_head_json":{"title":"Stop shopping online combivox | Combivox","robots":{"index":"index","follow":"follow","max-snippet":"max-snippet:-1","max-image-preview":"max-image-preview:large","max-video-preview":"max-video-preview:-1"},"canonical":"https:\/\/combivox.eu\/fr\/stop-shopping-online-combivox\/","og_locale":"fr_FR","og_type":"article","og_title":"Stop shopping online combivox | Combivox","og_description":"[vc_row type=&#8221;full_width_content&#8221; full_screen_row_position=&#8221;middle&#8221; column_margin=&#8221;none&#8221; column_direction=&#8221;default&#8221; column_direction_tablet=&#8221;default&#8221; column_direction_phone=&#8221;default&#8221; bg_color=&#8221;#d13138&#8243; scene_position=&#8221;center&#8221; top_padding=&#8221;8%&#8221; bottom_padding=&#8221;6%&#8221; left_padding_desktop=&#8221;15%&#8221; constrain_group_2=&#8221;yes&#8221; right_padding_desktop=&#8221;15%&#8221; top_padding_tablet=&#8221;20%&#8221;...","og_url":"https:\/\/combivox.eu\/fr\/stop-shopping-online-combivox\/","og_site_name":"Combivox","article_publisher":"https:\/\/www.facebook.com\/Combivox\/","article_modified_time":"2022-11-15T08:49:41+00:00","twitter_card":"summary_large_image","twitter_misc":{"Dur\u00e9e de lecture estim\u00e9e":"4 minutes"},"schema":{"@context":"https:\/\/schema.org","@graph":[{"@type":"WebPage","@id":"https:\/\/combivox.eu\/fr\/stop-shopping-online-combivox\/","url":"https:\/\/combivox.eu\/fr\/stop-shopping-online-combivox\/","name":"Stop shopping online combivox | Combivox","isPartOf":{"@id":"https:\/\/combivox.eu\/#website"},"datePublished":"2022-04-07T07:50:18+00:00","dateModified":"2022-11-15T08:49:41+00:00","breadcrumb":{"@id":"https:\/\/combivox.eu\/fr\/stop-shopping-online-combivox\/#breadcrumb"},"inLanguage":"fr-FR","potentialAction":[{"@type":"ReadAction","target":["https:\/\/combivox.eu\/fr\/stop-shopping-online-combivox\/"]}]},{"@type":"BreadcrumbList","@id":"https:\/\/combivox.eu\/fr\/stop-shopping-online-combivox\/#breadcrumb","itemListElement":[{"@type":"ListItem","position":1,"name":"Home","item":"https:\/\/combivox.eu\/fr\/"},{"@type":"ListItem","position":2,"name":"Stop shopping online combivox"}]},{"@type":"WebSite","@id":"https:\/\/combivox.eu\/#website","url":"https:\/\/combivox.eu\/","name":"Combivox","description":"Enjoy Life, Safely.","publisher":{"@id":"https:\/\/combivox.eu\/#organization"},"potentialAction":[{"@type":"SearchAction","target":{"@type":"EntryPoint","urlTemplate":"https:\/\/combivox.eu\/?s={search_term_string}"},"query-input":{"@type":"PropertyValueSpecification","valueRequired":true,"valueName":"search_term_string"}}],"inLanguage":"fr-FR"},{"@type":"Organization","@id":"https:\/\/combivox.eu\/#organization","name":"Combivox","url":"https:\/\/combivox.eu\/","logo":{"@type":"ImageObject","inLanguage":"fr-FR","@id":"https:\/\/combivox.eu\/#\/schema\/logo\/image\/","url":"https:\/\/combivox.eu\/wp-content\/uploads\/2022\/03\/logo-combivox-transparency.png","contentUrl":"https:\/\/combivox.eu\/wp-content\/uploads\/2022\/03\/logo-combivox-transparency.png","width":300,"height":83,"caption":"Combivox"},"image":{"@id":"https:\/\/combivox.eu\/#\/schema\/logo\/image\/"},"sameAs":["https:\/\/www.facebook.com\/Combivox\/","https:\/\/www.instagram.com\/combivox\/","https:\/\/www.youtube.com\/channel\/UCnnB89ZVzzKV70vKr7cj8oQ\/videos","https:\/\/www.whatsapp.com\/channel\/0029Vaw7pZgCsU9GoUIoG015","https:\/\/www.linkedin.com\/company\/combivox\/"]}]}},"_links":{"self":[{"href":"https:\/\/combivox.eu\/fr\/wp-json\/wp\/v2\/pages\/36960","targetHints":{"allow":["GET"]}}],"collection":[{"href":"https:\/\/combivox.eu\/fr\/wp-json\/wp\/v2\/pages"}],"about":[{"href":"https:\/\/combivox.eu\/fr\/wp-json\/wp\/v2\/types\/page"}],"author":[{"embeddable":true,"href":"https:\/\/combivox.eu\/fr\/wp-json\/wp\/v2\/users\/24058"}],"replies":[{"embeddable":true,"href":"https:\/\/combivox.eu\/fr\/wp-json\/wp\/v2\/comments?post=36960"}],"version-history":[{"count":3,"href":"https:\/\/combivox.eu\/fr\/wp-json\/wp\/v2\/pages\/36960\/revisions"}],"predecessor-version":[{"id":39464,"href":"https:\/\/combivox.eu\/fr\/wp-json\/wp\/v2\/pages\/36960\/revisions\/39464"}],"wp:attachment":[{"href":"https:\/\/combivox.eu\/fr\/wp-json\/wp\/v2\/media?parent=36960"}],"curies":[{"name":"wp","href":"https:\/\/api.w.org\/{rel}","templated":true}]}}