{"id":40311,"date":"2023-05-11T08:48:17","date_gmt":"2023-05-11T06:48:32","guid":{"rendered":"https:\/\/combivox.eu\/prodotto\/amica-128-lte\/"},"modified":"2025-09-30T14:56:56","modified_gmt":"2025-09-30T12:56:56","slug":"amica-128-lte","status":"publish","type":"product","link":"https:\/\/combivox.eu\/fr\/prodotto\/amica-128-lte\/","title":{"rendered":"Amica 128 LTE"},"content":{"rendered":"<table class=\"logged\">\n<tr>\n<td>11.952<\/td>\n<td>Amica 128 pr\u00e9r\u00e9gl\u00e9e pour les modules 2G\/4G et le module PSTN<\/td>\n<td>665,00<\/td>\n<\/tr>\n<\/table>\n<p>Centrale 8&nbsp;zones extensibles jusqu&rsquo;&agrave; 128 (dont 64 programmables comme zones radio) pr&eacute;r&eacute;gl&eacute;e pour un module cellulaire en bande LTE (4G) en mesure de fonctionner aussi&nbsp;sur le r&eacute;seau 2G\/3G ; id&eacute;ale pour les syst&egrave;mes de s&eacute;curit&eacute; r&eacute;sidentiels et commerciaux moyennes et grandes.<\/p>\n<p>16&nbsp;partitions d&rsquo;armement pour 8 syst&egrave;mes, port USB et 2 BUS&nbsp;RS485 ind&eacute;pendants haut d&eacute;bit. Messages vocaux multilingues, programmables par clavier et logiciel via &laquo;<strong>TEXT TO SPEECH<\/strong>&nbsp;&raquo; avec un moteur de synth&egrave;se vocale Combivox&nbsp;&agrave; libre s&eacute;lection de la voix (google, loquendo, at&amp;t, etc.).<\/p>\n<p>Communicateurs Plug&amp;Play GSM\/GPRS pour r&eacute;seaux 2G, en bande LTE (4G), module PSTN&nbsp;et module IP LAN AmicaWeb Plus (optionnels) pour l&rsquo;envoi de messages vocaux, SMS, num&eacute;riques et donn&eacute;es pour la connexion au Cloud Combivox,&nbsp;personnalisables pour &eacute;v&eacute;nement,&nbsp;partition et zone. Fonction de t&eacute;l&eacute;-&eacute;coute environnementale et anti-panique.<\/p>\n<p>Jusqu&rsquo;&agrave; 80 sorties filaires (OC et relais) pouvant &ecirc;tre associ&eacute;es &agrave; des &eacute;v&eacute;nements ou commandes et 32 actionneurs domotiques sur BUS RS485 pour la gestion de stores motoris&eacute;s et le contr&ocirc;le de charges &eacute;lectriques.<\/p>\n<p>La centrale peut &ecirc;tre command&eacute;e par clavier (Unica, Simplya, Simplya Video), par lecteurs de proximit&eacute;, t&eacute;l&eacute;commandes bidirectionnelles et via serveur web et APP &agrave; travers des modules IP LAN Amicaweb Plus e Smartweb (optionnels) ou le service Cloud Combivox.<\/p>\n<p>Possibilit&eacute; d&rsquo;apprentissage&nbsp;des r&eacute;sistances de fin de ligne. Configuration libre des valeurs d&rsquo;&eacute;quilibrage des zones sur la carte centrale et sur les modules d&rsquo;extension d&rsquo;entr&eacute;es sp&eacute;cifiques.<\/p>\n<p>Antenne anti-sabotage avec technologie Diversity (pour la version avec le module 4G) qui permet d&rsquo;optimiser le signal du module en augmentant sa sensibilit&eacute;, surtout dans les zones urbaines.<\/p>\n<p>T&eacute;l&eacute;gestion et t&eacute;l&eacute;assistance Installateur : via INTERNET (avec Amicaweb Plus ou Smartweb)&nbsp;ou via Cloud Combivox &agrave; travers le logiciel de Programmation des Centrales.<\/p>\n<p>T&eacute;l&eacute;gestion Utilisateur : par t&eacute;l&eacute;phone &agrave; travers un menu vocal interactif ou SMS ; via navigateur web et APP avec le module IP LAN pour la visualisation live de&nbsp;cam&eacute;ras vid&eacute;o IP, armement\/d&eacute;sarmement partitions, interrogation sur l&rsquo;&eacute;tat du syst&egrave;me, etc. ; &agrave; travers le Cloud Combivox et l&rsquo;APP via une connexion avec le module&nbsp;GPRS\/LTE ou le module LAN+ADSL pour la gestion des fonctions Anti-vol, Domotique et V&eacute;rification vid&eacute;o.<\/p>\n<p><strong>Fonctions de vid&eacute;o-surveillance<\/strong>&nbsp;: affichage direct (dans le navigateur Web et sur l&rsquo;APP) de jusqu&rsquo;&agrave; 16 cam&eacute;ras vid&eacute;o IP via des modules LAN ; compatible avec NVR Combivox RECORDIA 3.0 ou avec le dispositif Smartweb Video pour la gestion int&eacute;gr&eacute;e Antivol + Vid&eacute;o (enregistrements H24, alarmes vid&eacute;o avec pr&eacute;-enregistrement envoy&eacute;es par courriel ou APP).<\/p>\n","protected":false},"excerpt":{"rendered":"<p>11.952 Amica 128 pr\u00e9r\u00e9gl\u00e9e pour les modules 2G\/4G et le module PSTN 665,00 Centrale 8&nbsp;zones&#8230;<\/p>\n","protected":false},"featured_media":49133,"template":"","meta":[],"product_cat":[563],"product_tag":[],"class_list":{"0":"post-40311","1":"product","2":"type-product","3":"status-publish","4":"has-post-thumbnail","6":"product_cat-centrales-dalarme","8":"first","9":"instock","10":"taxable","11":"shipping-taxable","12":"product-type-simple"},"yoast_head":"<!-- This site is optimized with the Yoast SEO plugin v24.6 - https:\/\/yoast.com\/wordpress\/plugins\/seo\/ -->\n<title>Amica 128 LTE | Combivox<\/title>\n<meta name=\"robots\" content=\"index, follow, max-snippet:-1, max-image-preview:large, max-video-preview:-1\" \/>\n<link rel=\"canonical\" href=\"https:\/\/combivox.eu\/fr\/prodotto\/amica-128-lte\/\" \/>\n<meta property=\"og:locale\" content=\"fr_FR\" \/>\n<meta property=\"og:type\" content=\"article\" \/>\n<meta property=\"og:title\" content=\"Amica 128 LTE | Combivox\" \/>\n<meta property=\"og:description\" content=\"11.952 Amica 128 pr\u00e9r\u00e9gl\u00e9e pour les modules 2G\/4G et le module PSTN 665,00 Centrale 8&nbsp;zones...\" \/>\n<meta property=\"og:url\" content=\"https:\/\/combivox.eu\/fr\/prodotto\/amica-128-lte\/\" \/>\n<meta property=\"og:site_name\" content=\"Combivox\" \/>\n<meta property=\"article:publisher\" content=\"https:\/\/www.facebook.com\/Combivox\/\" \/>\n<meta property=\"article:modified_time\" content=\"2025-09-30T12:56:56+00:00\" \/>\n<meta name=\"twitter:card\" content=\"summary_large_image\" \/>\n<meta name=\"twitter:label1\" content=\"Dur\u00e9e de lecture estim\u00e9e\" \/>\n\t<meta name=\"twitter:data1\" content=\"3 minutes\" \/>\n<script type=\"application\/ld+json\" class=\"yoast-schema-graph\">{\"@context\":\"https:\/\/schema.org\",\"@graph\":[{\"@type\":\"WebPage\",\"@id\":\"https:\/\/combivox.eu\/fr\/prodotto\/amica-128-lte\/\",\"url\":\"https:\/\/combivox.eu\/fr\/prodotto\/amica-128-lte\/\",\"name\":\"Amica 128 LTE | Combivox\",\"isPartOf\":{\"@id\":\"https:\/\/combivox.eu\/#website\"},\"primaryImageOfPage\":{\"@id\":\"https:\/\/combivox.eu\/fr\/prodotto\/amica-128-lte\/#primaryimage\"},\"image\":{\"@id\":\"https:\/\/combivox.eu\/fr\/prodotto\/amica-128-lte\/#primaryimage\"},\"thumbnailUrl\":\"https:\/\/combivox.eu\/wp-content\/uploads\/2025\/09\/combivox-centrale-amica-128-lte-4-1.jpg\",\"datePublished\":\"2023-05-11T06:48:32+00:00\",\"dateModified\":\"2025-09-30T12:56:56+00:00\",\"breadcrumb\":{\"@id\":\"https:\/\/combivox.eu\/fr\/prodotto\/amica-128-lte\/#breadcrumb\"},\"inLanguage\":\"fr-FR\",\"potentialAction\":[{\"@type\":\"ReadAction\",\"target\":[\"https:\/\/combivox.eu\/fr\/prodotto\/amica-128-lte\/\"]}]},{\"@type\":\"ImageObject\",\"inLanguage\":\"fr-FR\",\"@id\":\"https:\/\/combivox.eu\/fr\/prodotto\/amica-128-lte\/#primaryimage\",\"url\":\"https:\/\/combivox.eu\/wp-content\/uploads\/2025\/09\/combivox-centrale-amica-128-lte-4-1.jpg\",\"contentUrl\":\"https:\/\/combivox.eu\/wp-content\/uploads\/2025\/09\/combivox-centrale-amica-128-lte-4-1.jpg\",\"width\":1000,\"height\":888},{\"@type\":\"BreadcrumbList\",\"@id\":\"https:\/\/combivox.eu\/fr\/prodotto\/amica-128-lte\/#breadcrumb\",\"itemListElement\":[{\"@type\":\"ListItem\",\"position\":1,\"name\":\"Home\",\"item\":\"https:\/\/combivox.eu\/fr\/\"},{\"@type\":\"ListItem\",\"position\":2,\"name\":\"Shop\",\"item\":\"https:\/\/combivox.eu\/fr\/prodotti-no\/\"},{\"@type\":\"ListItem\",\"position\":3,\"name\":\"Amica 128 LTE\"}]},{\"@type\":\"WebSite\",\"@id\":\"https:\/\/combivox.eu\/#website\",\"url\":\"https:\/\/combivox.eu\/\",\"name\":\"Combivox\",\"description\":\"Enjoy Life, Safely.\",\"publisher\":{\"@id\":\"https:\/\/combivox.eu\/#organization\"},\"potentialAction\":[{\"@type\":\"SearchAction\",\"target\":{\"@type\":\"EntryPoint\",\"urlTemplate\":\"https:\/\/combivox.eu\/?s={search_term_string}\"},\"query-input\":{\"@type\":\"PropertyValueSpecification\",\"valueRequired\":true,\"valueName\":\"search_term_string\"}}],\"inLanguage\":\"fr-FR\"},{\"@type\":\"Organization\",\"@id\":\"https:\/\/combivox.eu\/#organization\",\"name\":\"Combivox\",\"url\":\"https:\/\/combivox.eu\/\",\"logo\":{\"@type\":\"ImageObject\",\"inLanguage\":\"fr-FR\",\"@id\":\"https:\/\/combivox.eu\/#\/schema\/logo\/image\/\",\"url\":\"https:\/\/combivox.eu\/wp-content\/uploads\/2022\/03\/logo-combivox-transparency.png\",\"contentUrl\":\"https:\/\/combivox.eu\/wp-content\/uploads\/2022\/03\/logo-combivox-transparency.png\",\"width\":300,\"height\":83,\"caption\":\"Combivox\"},\"image\":{\"@id\":\"https:\/\/combivox.eu\/#\/schema\/logo\/image\/\"},\"sameAs\":[\"https:\/\/www.facebook.com\/Combivox\/\",\"https:\/\/www.instagram.com\/combivox\/\",\"https:\/\/www.youtube.com\/channel\/UCnnB89ZVzzKV70vKr7cj8oQ\/videos\",\"https:\/\/www.whatsapp.com\/channel\/0029Vaw7pZgCsU9GoUIoG015\",\"https:\/\/www.linkedin.com\/company\/combivox\/\"]}]}<\/script>\n<!-- \/ Yoast SEO plugin. -->","yoast_head_json":{"title":"Amica 128 LTE | Combivox","robots":{"index":"index","follow":"follow","max-snippet":"max-snippet:-1","max-image-preview":"max-image-preview:large","max-video-preview":"max-video-preview:-1"},"canonical":"https:\/\/combivox.eu\/fr\/prodotto\/amica-128-lte\/","og_locale":"fr_FR","og_type":"article","og_title":"Amica 128 LTE | Combivox","og_description":"11.952 Amica 128 pr\u00e9r\u00e9gl\u00e9e pour les modules 2G\/4G et le module PSTN 665,00 Centrale 8&nbsp;zones...","og_url":"https:\/\/combivox.eu\/fr\/prodotto\/amica-128-lte\/","og_site_name":"Combivox","article_publisher":"https:\/\/www.facebook.com\/Combivox\/","article_modified_time":"2025-09-30T12:56:56+00:00","twitter_card":"summary_large_image","twitter_misc":{"Dur\u00e9e de lecture estim\u00e9e":"3 minutes"},"schema":{"@context":"https:\/\/schema.org","@graph":[{"@type":"WebPage","@id":"https:\/\/combivox.eu\/fr\/prodotto\/amica-128-lte\/","url":"https:\/\/combivox.eu\/fr\/prodotto\/amica-128-lte\/","name":"Amica 128 LTE | Combivox","isPartOf":{"@id":"https:\/\/combivox.eu\/#website"},"primaryImageOfPage":{"@id":"https:\/\/combivox.eu\/fr\/prodotto\/amica-128-lte\/#primaryimage"},"image":{"@id":"https:\/\/combivox.eu\/fr\/prodotto\/amica-128-lte\/#primaryimage"},"thumbnailUrl":"https:\/\/combivox.eu\/wp-content\/uploads\/2025\/09\/combivox-centrale-amica-128-lte-4-1.jpg","datePublished":"2023-05-11T06:48:32+00:00","dateModified":"2025-09-30T12:56:56+00:00","breadcrumb":{"@id":"https:\/\/combivox.eu\/fr\/prodotto\/amica-128-lte\/#breadcrumb"},"inLanguage":"fr-FR","potentialAction":[{"@type":"ReadAction","target":["https:\/\/combivox.eu\/fr\/prodotto\/amica-128-lte\/"]}]},{"@type":"ImageObject","inLanguage":"fr-FR","@id":"https:\/\/combivox.eu\/fr\/prodotto\/amica-128-lte\/#primaryimage","url":"https:\/\/combivox.eu\/wp-content\/uploads\/2025\/09\/combivox-centrale-amica-128-lte-4-1.jpg","contentUrl":"https:\/\/combivox.eu\/wp-content\/uploads\/2025\/09\/combivox-centrale-amica-128-lte-4-1.jpg","width":1000,"height":888},{"@type":"BreadcrumbList","@id":"https:\/\/combivox.eu\/fr\/prodotto\/amica-128-lte\/#breadcrumb","itemListElement":[{"@type":"ListItem","position":1,"name":"Home","item":"https:\/\/combivox.eu\/fr\/"},{"@type":"ListItem","position":2,"name":"Shop","item":"https:\/\/combivox.eu\/fr\/prodotti-no\/"},{"@type":"ListItem","position":3,"name":"Amica 128 LTE"}]},{"@type":"WebSite","@id":"https:\/\/combivox.eu\/#website","url":"https:\/\/combivox.eu\/","name":"Combivox","description":"Enjoy Life, Safely.","publisher":{"@id":"https:\/\/combivox.eu\/#organization"},"potentialAction":[{"@type":"SearchAction","target":{"@type":"EntryPoint","urlTemplate":"https:\/\/combivox.eu\/?s={search_term_string}"},"query-input":{"@type":"PropertyValueSpecification","valueRequired":true,"valueName":"search_term_string"}}],"inLanguage":"fr-FR"},{"@type":"Organization","@id":"https:\/\/combivox.eu\/#organization","name":"Combivox","url":"https:\/\/combivox.eu\/","logo":{"@type":"ImageObject","inLanguage":"fr-FR","@id":"https:\/\/combivox.eu\/#\/schema\/logo\/image\/","url":"https:\/\/combivox.eu\/wp-content\/uploads\/2022\/03\/logo-combivox-transparency.png","contentUrl":"https:\/\/combivox.eu\/wp-content\/uploads\/2022\/03\/logo-combivox-transparency.png","width":300,"height":83,"caption":"Combivox"},"image":{"@id":"https:\/\/combivox.eu\/#\/schema\/logo\/image\/"},"sameAs":["https:\/\/www.facebook.com\/Combivox\/","https:\/\/www.instagram.com\/combivox\/","https:\/\/www.youtube.com\/channel\/UCnnB89ZVzzKV70vKr7cj8oQ\/videos","https:\/\/www.whatsapp.com\/channel\/0029Vaw7pZgCsU9GoUIoG015","https:\/\/www.linkedin.com\/company\/combivox\/"]}]}},"_links":{"self":[{"href":"https:\/\/combivox.eu\/fr\/wp-json\/wp\/v2\/product\/40311","targetHints":{"allow":["GET"]}}],"collection":[{"href":"https:\/\/combivox.eu\/fr\/wp-json\/wp\/v2\/product"}],"about":[{"href":"https:\/\/combivox.eu\/fr\/wp-json\/wp\/v2\/types\/product"}],"wp:featuredmedia":[{"embeddable":true,"href":"https:\/\/combivox.eu\/fr\/wp-json\/wp\/v2\/media\/49133"}],"wp:attachment":[{"href":"https:\/\/combivox.eu\/fr\/wp-json\/wp\/v2\/media?parent=40311"}],"wp:term":[{"taxonomy":"product_cat","embeddable":true,"href":"https:\/\/combivox.eu\/fr\/wp-json\/wp\/v2\/product_cat?post=40311"},{"taxonomy":"product_tag","embeddable":true,"href":"https:\/\/combivox.eu\/fr\/wp-json\/wp\/v2\/product_tag?post=40311"}],"curies":[{"name":"wp","href":"https:\/\/api.w.org\/{rel}","templated":true}]}}